{"id":2,"date":"2016-05-10T03:48:21","date_gmt":"2016-05-10T03:48:21","guid":{"rendered":"http:\/\/wp452m.a10-52-158-154.qa.plesk.ru\/wordpress\/?page_id=2"},"modified":"2022-08-20T16:13:39","modified_gmt":"2022-08-20T16:13:39","slug":"sample-page","status":"publish","type":"page","link":"https:\/\/unterwegs-notiert.de\/?page_id=2","title":{"rendered":"\u00dcber mich"},"content":{"rendered":"<p>Ich entdecke liebend gern mit meiner Familie Deutschland und Europa. Auf diesen &#8222;Entdeckungstouren&#8220; entstehen viele Bilder und die Eindr\u00fccke halte ich fast immer schriftlich fest.<\/p>\n<p>Ich fotografiere leidenschaftlich gern und werde euch hier einige dieser Fotos zeigen. Au\u00dferdem Eindr\u00fccke von unseren Reisen und Empfehlungen f\u00fcr die Orte die wir besucht haben.<\/p>\n<p>Da wir auch bei uns zu Hause gerne wandern, werde ich euch einige unserer Wanderungen hier mit vorstellen.<\/p>\n","protected":false},"excerpt":{"rendered":"<p>Ich entdecke liebend gern mit meiner Familie Deutschland und Europa. Auf diesen &#8222;Entdeckungstouren&#8220; entstehen viele Bilder und die Eindr\u00fccke halte ich fast immer schriftlich fest. Ich fotografiere leidenschaftlich gern und werde euch hier einige dieser Fotos zeigen. Au\u00dferdem Eindr\u00fccke von unseren Reisen und Empfehlungen f\u00fcr die Orte die wir besucht haben. Da wir auch bei&hellip;&nbsp;<a href=\"https:\/\/unterwegs-notiert.de\/?page_id=2\" class=\"\" rel=\"bookmark\">Weiterlesen &raquo;<span class=\"screen-reader-text\">\u00dcber mich<\/span><\/a><\/p>\n","protected":false},"author":1,"featured_media":0,"parent":0,"menu_order":0,"comment_status":"closed","ping_status":"open","template":"","meta":{"neve_meta_sidebar":"","neve_meta_container":"","neve_meta_enable_content_width":"","neve_meta_content_width":0,"neve_meta_title_alignment":"","neve_meta_author_avatar":"","neve_post_elements_order":"","neve_meta_disable_header":"","neve_meta_disable_footer":"","neve_meta_disable_title":"","footnotes":""},"class_list":["post-2","page","type-page","status-publish","hentry"],"_links":{"self":[{"href":"https:\/\/unterwegs-notiert.de\/index.php?rest_route=\/wp\/v2\/pages\/2","targetHints":{"allow":["GET"]}}],"collection":[{"href":"https:\/\/unterwegs-notiert.de\/index.php?rest_route=\/wp\/v2\/pages"}],"about":[{"href":"https:\/\/unterwegs-notiert.de\/index.php?rest_route=\/wp\/v2\/types\/page"}],"author":[{"embeddable":true,"href":"https:\/\/unterwegs-notiert.de\/index.php?rest_route=\/wp\/v2\/users\/1"}],"replies":[{"embeddable":true,"href":"https:\/\/unterwegs-notiert.de\/index.php?rest_route=%2Fwp%2Fv2%2Fcomments&post=2"}],"version-history":[{"count":2,"href":"https:\/\/unterwegs-notiert.de\/index.php?rest_route=\/wp\/v2\/pages\/2\/revisions"}],"predecessor-version":[{"id":319,"href":"https:\/\/unterwegs-notiert.de\/index.php?rest_route=\/wp\/v2\/pages\/2\/revisions\/319"}],"wp:attachment":[{"href":"https:\/\/unterwegs-notiert.de\/index.php?rest_route=%2Fwp%2Fv2%2Fmedia&parent=2"}],"curies":[{"name":"wp","href":"https:\/\/api.w.org\/{rel}","templated":true}]}}